{"id":17,"date":"2024-09-03T18:41:44","date_gmt":"2024-09-03T16:41:44","guid":{"rendered":"https:\/\/www.sambuc.fr\/org\/?page_id=17"},"modified":"2024-09-04T12:14:08","modified_gmt":"2024-09-04T10:14:08","slug":"vous-etes-une-librairie","status":"publish","type":"page","link":"https:\/\/www.sambuc.fr\/org\/vous-etes-une-librairie\/","title":{"rendered":"Vous \u00eates une librairie&#8239;?"},"content":{"rendered":"\n<h3 class=\"wp-block-heading\">Commandes<\/h3>\n\n\n\n<p class=\"abstract\">Adressez toute commande \u00e0\u202f: <br>sambuc[dot]editeur[at]gmail[dot]com<br>ou <a href=\"https:\/\/www.sambuc-editeur.fr\/contact.php\" target=\"_blank\" rel=\"noopener\">via notre formulaire de contact<\/a>.<\/p>\n\n\n\n<p>La distribution en France est op\u00e9r\u00e9e aupr\u00e8s des librairies de province par <a href=\"https:\/\/www.sambuc.fr\/articles\/a34-la-plateforme-prisme.html\" target=\"_blank\" rel=\"noopener\">la plateforme Prisme<\/a>. Hors France (Europe et monde), les livraisons sont effectu\u00e9es par envoi postal. <\/p>\n\n\n\n<p><\/p>\n\n\n\n<h3 class=\"wp-block-heading\">Paris et \u00cele-de-France<\/h3>\n\n\n\n<p>Sambuc \u00e9diteur est implant\u00e9e \u00e0 Paris (75010). Possibilit\u00e9 de livraison dans la journ\u00e9e sur Paris.<\/p>\n\n\n\n<p>Les livraisons aupr\u00e8s des librairies d\u2019\u00cele-de-France sont effectu\u00e9es par coursier. Pour les d\u00e9lais en \u00cele-de-France, merci de <a href=\"https:\/\/www.sambuc.fr\/contact.php\" target=\"_blank\" rel=\"noopener\">nous contacter<\/a> si vous avez besoin d&rsquo;un d\u00e9lai sp\u00e9cifique (commande client, etc.).<\/p>\n\n\n\n<p><\/p>\n\n\n\n<h3 class=\"wp-block-heading\">Mode pr\u00e9f\u00e9rentiel<\/h3>\n\n\n\n<p>Nous travaillons principalement <a class=\"about\" href=\"https:\/\/www.sambuc.fr\/articles\/a918-depot-vente.html\" target=\"_blank\" rel=\"noopener\">en d\u00e9p\u00f4t-vente<\/a>, c&rsquo;est-\u00e0-dire que la facturation intervient apr\u00e8s pointage des ventes. Notre gestion des stocks est enti\u00e8rement informatis\u00e9e. Nos \u00e9ditions s\u2019engagent pour un suivi r\u00e9gulier aupr\u00e8s des librairies.<\/p>\n\n\n\n<p><\/p>\n\n\n\n<p class=\"abstract\">\u2699\u202f<a href=\"https:\/\/www.sambuc.fr\/org\/2021\/01\/18\/comment-travaillent-les-editions-sambuc-avec-la-librairie\/\" target=\"_blank\" rel=\"noreferrer noopener\">En savoir plus<\/a>.<\/p>\n\n\n\n<h2 class=\"wp-block-heading\">Diffusion du catalogue Sambuc<\/h2>\n\n\n\n<p>Les livres Sambuc sont r\u00e9f\u00e9renc\u00e9s sur les principales bases de donn\u00e9es du livre\u202f: Electre, Dilicom, r\u00e9seau Decitre. Il est \u00e9galement possible de retrouver toutes les donn\u00e9es bibliographiques sur <a href=\"https:\/\/www.sambuc-editeur.fr\/publications\/\" target=\"_blank\" rel=\"noopener\">les notices du site www.sambuc.fr<\/a>, pour chaque parution.<\/p>\n\n\n\n<h2 class=\"wp-block-heading\">Informations commerciales<\/h2>\n\n\n\n<p class=\"corps-dinfo\">Cr\u00e9ation de la maison\u202f: mars 2019.<\/p>\n\n\n\n<p class=\"corps-dinfo\">Catalogue : 50 titres.<\/p>\n\n\n\n<p class=\"corps-dinfo\">Rythme de publication\u202f: 2-4 titres annuels.<\/p>\n\n\n\n<p class=\"corps-dinfo\">Meilleures ventes\u202f: <a target=\"_blank\" href=\"https:\/\/www.sambuc-editeur.fr\/publications\/?ean=9782491181550\" rel=\"noopener\"><i>Le Cantique des cantiques<\/i><\/a>\u202f; <a target=\"_blank\" href=\"https:\/\/www.sambuc-editeur.fr\/publications\/?ean=9782491181017\" rel=\"noopener\"><i>L\u2019Eau-forte n<sup>o<\/sup>7. Corps et \u00e2me<\/i><\/a>.<\/p>\n\n\n\n<p class=\"corps-dinfo\">Diffusion\u202f: Sambuc \u00e9diteur.<\/p>\n\n\n\n<p><\/p>\n\n\n\n<p><\/p>\n","protected":false},"excerpt":{"rendered":"<p>Commandes Adressez toute commande \u00e0\u202f: sambuc[dot]editeur[at]gmail[dot]comou via notre formulaire de contact. La distribution en France est op\u00e9r\u00e9e aupr\u00e8s des librairies de province par la plateforme Prisme. Hors France (Europe et monde), les livraisons sont effectu\u00e9es par envoi postal. Paris et \u00cele-de-France Sambuc \u00e9diteur est implant\u00e9e \u00e0 Paris (75010). Possibilit\u00e9 de livraison dans la journ\u00e9e sur [&hellip;]<\/p>\n","protected":false},"author":1,"featured_media":0,"parent":0,"menu_order":0,"comment_status":"closed","ping_status":"closed","template":"","meta":{"footnotes":""},"class_list":["post-17","page","type-page","status-publish","hentry"],"_links":{"self":[{"href":"https:\/\/www.sambuc.fr\/org\/wp-json\/wp\/v2\/pages\/17","targetHints":{"allow":["GET"]}}],"collection":[{"href":"https:\/\/www.sambuc.fr\/org\/wp-json\/wp\/v2\/pages"}],"about":[{"href":"https:\/\/www.sambuc.fr\/org\/wp-json\/wp\/v2\/types\/page"}],"author":[{"embeddable":true,"href":"https:\/\/www.sambuc.fr\/org\/wp-json\/wp\/v2\/users\/1"}],"replies":[{"embeddable":true,"href":"https:\/\/www.sambuc.fr\/org\/wp-json\/wp\/v2\/comments?post=17"}],"version-history":[{"count":5,"href":"https:\/\/www.sambuc.fr\/org\/wp-json\/wp\/v2\/pages\/17\/revisions"}],"predecessor-version":[{"id":59,"href":"https:\/\/www.sambuc.fr\/org\/wp-json\/wp\/v2\/pages\/17\/revisions\/59"}],"wp:attachment":[{"href":"https:\/\/www.sambuc.fr\/org\/wp-json\/wp\/v2\/media?parent=17"}],"curies":[{"name":"wp","href":"https:\/\/api.w.org\/{rel}","templated":true}]}}